{"id":105,"date":"2012-02-11T19:39:26","date_gmt":"2012-02-11T18:39:26","guid":{"rendered":"http:\/\/www.ocr.si\/?page_id=105"},"modified":"2022-03-30T09:55:53","modified_gmt":"2022-03-30T07:55:53","slug":"porocila-siok","status":"publish","type":"page","link":"https:\/\/ocr.si\/?page_id=105","title":{"rendered":"SiOK poro\u010dila"},"content":{"rendered":"<p>Vsako, v projekt Siok vklju\u010deno podjetje, prejme poro\u010dilo o merjenju klime. V primeru, da je podjetje izvedlo raziskavo le na nivoju celotnega podjetja, pripravimo krovno poro\u010dilo z vsemi mo\u017enimi oz. dogovorjenimi primerjavami po \u017eelji naro\u010dnika.<\/p>\n<p>Ko podjetje v izvedbo vklju\u010di vse zaposlene in tako posledi\u010dno merimo klimo na vseh podro\u010djih znotraj organizacijske strukture podjetja, lahko pripravimo tudi poro\u010dila po posameznih podro\u010djih z ustreznimi primerjavami.<\/p>\n<p>Pregled rezultatov znotraj posameznega proro\u010dila je v grafi\u010dnem kot v tabelarnem prikazu z vsemi mo\u017enimi prikazanimi odstopanji tako od slovenske norme, povpre\u010dja ali po \u017eelji naro\u010dnika.<\/p>\n<p><a href=\"http:\/\/ocr.si\/wp-content\/uploads\/2012\/02\/kategorija-klime-graph.png\" target=\"_blank\" rel=\"noopener\"><img loading=\"lazy\" class=\"alignnone size-full wp-image-548\" title=\"kategorija-klime-grafi\u010dniprikaz\" src=\"http:\/\/ocr.si\/wp-content\/uploads\/2012\/02\/kategorija-klime-graph-mala.png\" alt=\"\" width=\"580\" height=\"409\" srcset=\"https:\/\/ocr.si\/wp-content\/uploads\/2012\/02\/kategorija-klime-graph-mala.png 580w, https:\/\/ocr.si\/wp-content\/uploads\/2012\/02\/kategorija-klime-graph-mala-300x211.png 300w\" sizes=\"(max-width: 580px) 100vw, 580px\" \/><\/a>\u00a0<em>Primer grafi\u010dnega prikaza kategorij klime<\/em><\/p>\n<p><a href=\"http:\/\/ocr.si\/wp-content\/uploads\/2012\/02\/kategorija-klime-num.png\" target=\"_blank\" rel=\"noopener\"><img loading=\"lazy\" class=\"alignnone size-full wp-image-549\" title=\"kategorija-klime-numeri\u010dniprikaz\" src=\"http:\/\/ocr.si\/wp-content\/uploads\/2012\/02\/kategorija-klime-num-mala.png\" alt=\"\" width=\"580\" height=\"398\" srcset=\"https:\/\/ocr.si\/wp-content\/uploads\/2012\/02\/kategorija-klime-num-mala.png 580w, https:\/\/ocr.si\/wp-content\/uploads\/2012\/02\/kategorija-klime-num-mala-300x205.png 300w\" sizes=\"(max-width: 580px) 100vw, 580px\" \/><\/a><em>Primer numeri\u010dnega prikaza kategorij klime<\/em><\/p>\n","protected":false},"excerpt":{"rendered":"<p>Vsako, v projekt Siok vklju\u010deno podjetje, prejme poro\u010dilo o merjenju klime. V primeru, da je podjetje izvedlo raziskavo le na nivoju celotnega podjetja, pripravimo krovno poro\u010dilo z vsemi mo\u017enimi oz. dogovorjenimi primerjavami po \u017eelji naro\u010dnika. Ko podjetje v izvedbo vklju\u010di vse zaposlene in tako posledi\u010dno merimo klimo na vseh podro\u010djih znotraj organizacijske strukture podjetja, lahko [&hellip;]<\/p>\n","protected":false},"author":1,"featured_media":0,"parent":0,"menu_order":0,"comment_status":"closed","ping_status":"closed","template":"","meta":[],"_links":{"self":[{"href":"https:\/\/ocr.si\/index.php?rest_route=\/wp\/v2\/pages\/105"}],"collection":[{"href":"https:\/\/ocr.si\/index.php?rest_route=\/wp\/v2\/pages"}],"about":[{"href":"https:\/\/ocr.si\/index.php?rest_route=\/wp\/v2\/types\/page"}],"author":[{"embeddable":true,"href":"https:\/\/ocr.si\/index.php?rest_route=\/wp\/v2\/users\/1"}],"replies":[{"embeddable":true,"href":"https:\/\/ocr.si\/index.php?rest_route=%2Fwp%2Fv2%2Fcomments&post=105"}],"version-history":[{"count":29,"href":"https:\/\/ocr.si\/index.php?rest_route=\/wp\/v2\/pages\/105\/revisions"}],"predecessor-version":[{"id":810,"href":"https:\/\/ocr.si\/index.php?rest_route=\/wp\/v2\/pages\/105\/revisions\/810"}],"wp:attachment":[{"href":"https:\/\/ocr.si\/index.php?rest_route=%2Fwp%2Fv2%2Fmedia&parent=105"}],"curies":[{"name":"wp","href":"https:\/\/api.w.org\/{rel}","templated":true}]}}