{"id":165,"date":"2012-02-13T11:01:30","date_gmt":"2012-02-13T10:01:30","guid":{"rendered":"http:\/\/www.ocr.si\/?page_id=165"},"modified":"2016-05-25T11:45:25","modified_gmt":"2016-05-25T09:45:25","slug":"nase-reference","status":"publish","type":"page","link":"https:\/\/ocr.si\/?page_id=165","title":{"rendered":"NA\u0160E REFERENCE"},"content":{"rendered":"<p><img loading=\"lazy\" class=\"alignnone size-full wp-image-498\" title=\"reference\" src=\"http:\/\/ocr.si\/wp-content\/uploads\/2012\/02\/reference.png\" alt=\"\" width=\"580\" height=\"300\" srcset=\"https:\/\/ocr.si\/wp-content\/uploads\/2012\/02\/reference.png 580w, https:\/\/ocr.si\/wp-content\/uploads\/2012\/02\/reference-300x155.png 300w\" sizes=\"(max-width: 580px) 100vw, 580px\" \/><\/p>\n<p>Poskrbeli bomo, da se boste z veseljem vra\u010dali k poslovanju z nami. Vsako leto opravimo ve\u010d kot 50 raziskav organizacijske klime na podro\u010dju Slovenije, aktivni smo tudi na podro\u010dju kakovosti v zdravstvu, kjer sodelujemo v projektu \u00bbposlovni kazalniki zadovoljstva zaposlenih v zdravstvu\u00ab.<\/p>\n<p><strong>Nekaj na\u0161ih referenc:<\/strong><\/p>\n<p>Akripol, Avtocommerce, BigBang trgovine, Banka Slovenije, Carrera Optyl, Comet Zre\u010de, DARS, Delavska hranilnica, Domel, Elektro Maribor, Elektro Celje, HIT Nova Gorica, Hypo alpe adria bank, Intera Holding, Iskra Kondenzatorji, Iskra MIS, Koli\u010devo karton, KRKA, Ljubljanske mlekarne, \u00a0Medex, Mercator , Mladinska knjiga, Modra zavarovalnica, Niko \u017delezniki, Meltal, Poslovni sistem Sava, Proplus medijska hi\u0161a, Regal GH, Riedl, Skupina Avtotehna, Sanolabor, SGP Pomgrad, Swaty Maribor, PETROL, Po\u0161tna banka Slovenije, Simobil, SID banka, SID zavarovalnica, Skupina SIJ (Acroni, Metal Ravne, No\u017ei, Elektrode, SUZ, SIJ d.d., Zip Center), Steklarna Hrastnik, Po\u0161ta Slovenije, SENG &#8211; so\u0161ke elektrarne, Skupina Kolektor, Skupina Hidria, Skupina Panvita, T2, Telekom slovenije, Trimo Trebnje, Trgovine TU\u0160, TU\u0160 nepremi\u010dnine, TU\u0160 holding, VIP Dooel Makedonija, Volksbank, Zavarovalnica Triglav, Zavarovalnica Tilia, Zavarovalnica Maribor, Zavarovalnica Generali,\u00a0Zdravstvene ustanove po Sloveniji, itd.<\/p>\n<p><strong>Reference za zdravstvo:<\/strong><\/p>\n<p>UKC Ljubljana, UKC Maribor, Splo\u0161na bolni\u0161nica Celje, Splo\u0161na bolni\u0161nica dr. Franca Derganca Nova Gorica, Splo\u0161na bolni\u0161nica Izola, Splo\u0161na bolni\u0161nica Jesenice, Splo\u0161na bolni\u0161nica Murska Sobota, Splo\u0161na bolni\u0161nica Novo mesto, Splo\u0161na bolni\u0161nica Dr. Jo\u017eeta Potr\u010da Ptuj, Splo\u0161na bolni\u0161nica Slovenj Gradec, Splo\u0161na bolni\u0161nica Trbovlje, Splo\u0161na bolni\u0161nica Bre\u017eice, Bolni\u0161nica\u00a0 za zdravljenje in rehabilitacijo\u00a0 plju\u010dnih bolnikov, Ortopedska bolnica Valdoltra, Onkolo\u0161ki in\u0161titut Ljubljana, Bolni\u0161nica Golnik \u2013 Klini\u010dni oddelek za plju\u010dne bolezni in alergijo (KOPA), Bolni\u0161nica Topol\u0161ica, Bolni\u0161nica za \u017eenske bolezni in porodni\u0161tvo Postojna, In\u0161titut RS za rehabilitacijo Ljubljana, Psihiatri\u010dna bolni\u0161nica Idrija, Psihiatri\u010dna bolni\u0161nica Ormo\u017e, Psihiatri\u010dna bolni\u0161nica Vojnik, Center za zdravljenje bolezni otrok \u0160entvid, Zavod RS za transfuzijsko medicino, Psihiatri\u010dna klinika Ljubljana, ZD Ljubljana, ZD Koper, ZD \u010crnomelj, ZD Metlika, ZZV Celje, ZZV Novo Mesto,&#8230;<\/p>\n","protected":false},"excerpt":{"rendered":"<p>Poskrbeli bomo, da se boste z veseljem vra\u010dali k poslovanju z nami. Vsako leto opravimo ve\u010d kot 50 raziskav organizacijske klime na podro\u010dju Slovenije, aktivni smo tudi na podro\u010dju kakovosti v zdravstvu, kjer sodelujemo v projektu \u00bbposlovni kazalniki zadovoljstva zaposlenih v zdravstvu\u00ab. Nekaj na\u0161ih referenc: Akripol, Avtocommerce, BigBang trgovine, Banka Slovenije, Carrera Optyl, Comet Zre\u010de, [&hellip;]<\/p>\n","protected":false},"author":1,"featured_media":0,"parent":0,"menu_order":0,"comment_status":"closed","ping_status":"closed","template":"","meta":[],"_links":{"self":[{"href":"https:\/\/ocr.si\/index.php?rest_route=\/wp\/v2\/pages\/165"}],"collection":[{"href":"https:\/\/ocr.si\/index.php?rest_route=\/wp\/v2\/pages"}],"about":[{"href":"https:\/\/ocr.si\/index.php?rest_route=\/wp\/v2\/types\/page"}],"author":[{"embeddable":true,"href":"https:\/\/ocr.si\/index.php?rest_route=\/wp\/v2\/users\/1"}],"replies":[{"embeddable":true,"href":"https:\/\/ocr.si\/index.php?rest_route=%2Fwp%2Fv2%2Fcomments&post=165"}],"version-history":[{"count":16,"href":"https:\/\/ocr.si\/index.php?rest_route=\/wp\/v2\/pages\/165\/revisions"}],"predecessor-version":[{"id":693,"href":"https:\/\/ocr.si\/index.php?rest_route=\/wp\/v2\/pages\/165\/revisions\/693"}],"wp:attachment":[{"href":"https:\/\/ocr.si\/index.php?rest_route=%2Fwp%2Fv2%2Fmedia&parent=165"}],"curies":[{"name":"wp","href":"https:\/\/api.w.org\/{rel}","templated":true}]}}