{"id":233,"date":"2012-02-14T09:01:27","date_gmt":"2012-02-14T08:01:27","guid":{"rendered":"http:\/\/www.ocr.si\/?page_id=233"},"modified":"2022-03-30T16:45:32","modified_gmt":"2022-03-30T14:45:32","slug":"poslanstvo-in-vizija-ter-cilji","status":"publish","type":"page","link":"https:\/\/ocr.si\/?page_id=233","title":{"rendered":"Poslanstvo in vizija projekta"},"content":{"rendered":"<p><strong>Projekt SiOK: Poslanstvo in vizija ter cilji <\/strong><\/p>\n<p><strong>Ideja<\/strong><br \/>\nPrimerjalno raziskovanje organizacijske klime in zadovoljstva zaposlenih v slovenskih organizacijah z namenom pove\u010devanja zavedanja o pomenu klime in zavedanja o pomenu ustreznih metod za njen razvoj.<br \/>\n<strong><\/strong><\/p>\n<p><strong>F<\/strong><strong>ilozofija pristopa<\/strong><br \/>\nPrimerljivost, periodi\u010dnost, kvantitativnost v skladu s potrebami organizacij, v skladu s standardi stroke.<\/p>\n<p><strong>Namera<\/strong><br \/>\nBiti priznana institucija za primerjalne raziskave v slovenskih organizacijah z mo\u017enostjo \u0161iritve delovanja tudi v druge dr\u017eave.<\/p>\n<p><strong>Politika<\/strong><br \/>\nDelovanje na osnovi \u010dlanstva\/\u010dlanarine, vklju\u010devati in uporabljati obstoje\u010de raziskovalne metode v podjetjih, ki izpolnjujejo minimalne pogoje (opredeljeno v \u010dlanskih pravilih).<\/p>\n","protected":false},"excerpt":{"rendered":"<p>Projekt SiOK: Poslanstvo in vizija ter cilji Ideja Primerjalno raziskovanje organizacijske klime in zadovoljstva zaposlenih v slovenskih organizacijah z namenom pove\u010devanja zavedanja o pomenu klime in zavedanja o pomenu ustreznih metod za njen razvoj. Filozofija pristopa Primerljivost, periodi\u010dnost, kvantitativnost v skladu s potrebami organizacij, v skladu s standardi stroke. Namera Biti priznana institucija za primerjalne [&hellip;]<\/p>\n","protected":false},"author":1,"featured_media":0,"parent":0,"menu_order":0,"comment_status":"closed","ping_status":"closed","template":"","meta":[],"_links":{"self":[{"href":"https:\/\/ocr.si\/index.php?rest_route=\/wp\/v2\/pages\/233"}],"collection":[{"href":"https:\/\/ocr.si\/index.php?rest_route=\/wp\/v2\/pages"}],"about":[{"href":"https:\/\/ocr.si\/index.php?rest_route=\/wp\/v2\/types\/page"}],"author":[{"embeddable":true,"href":"https:\/\/ocr.si\/index.php?rest_route=\/wp\/v2\/users\/1"}],"replies":[{"embeddable":true,"href":"https:\/\/ocr.si\/index.php?rest_route=%2Fwp%2Fv2%2Fcomments&post=233"}],"version-history":[{"count":7,"href":"https:\/\/ocr.si\/index.php?rest_route=\/wp\/v2\/pages\/233\/revisions"}],"predecessor-version":[{"id":831,"href":"https:\/\/ocr.si\/index.php?rest_route=\/wp\/v2\/pages\/233\/revisions\/831"}],"wp:attachment":[{"href":"https:\/\/ocr.si\/index.php?rest_route=%2Fwp%2Fv2%2Fmedia&parent=233"}],"curies":[{"name":"wp","href":"https:\/\/api.w.org\/{rel}","templated":true}]}}