{"id":349,"date":"2012-02-19T11:28:10","date_gmt":"2012-02-19T10:28:10","guid":{"rendered":"http:\/\/www.ocr.si\/?page_id=349"},"modified":"2012-02-21T23:08:06","modified_gmt":"2012-02-21T22:08:06","slug":"letni-pogovor","status":"publish","type":"page","link":"https:\/\/ocr.si\/?page_id=349","title":{"rendered":"Letni pogovor"},"content":{"rendered":"<p><img loading=\"lazy\" class=\"alignnone size-full wp-image-589\" title=\"Letni pogovor\" src=\"http:\/\/ocr.si\/wp-content\/uploads\/2012\/02\/Letni-pogovor.png\" alt=\"\" width=\"580\" height=\"300\" srcset=\"https:\/\/ocr.si\/wp-content\/uploads\/2012\/02\/Letni-pogovor.png 580w, https:\/\/ocr.si\/wp-content\/uploads\/2012\/02\/Letni-pogovor-300x155.png 300w\" sizes=\"(max-width: 580px) 100vw, 580px\" \/><\/p>\n<p>Sistem letnih pogovorov je glavno sredstvo za vzpostavljanje organizacijskega komuniciranja in integracijo HR procesov organizacije. Je zelo u\u010dinkovito orodje za ugotavljanje motiviranosti osebja, dvig individualne in organizacijske u\u010dinkovitosti, na\u010drtovanje individualnega razvoja in izbolj\u0161evanje odnosov med zaposlenimi. Letni pogovori predstavljajo optimalen pripomo\u010dek pri zagotavljanju hitrih sprememb v zmeraj bolj dinami\u010dnem poslovnem okolju. Tovrstna oblika organizacijskega komuniciranja je nepogre\u0161ljiv del sodobnega sistema vodenja organizacij in podjetij.<\/p>\n<p>Letni pogovor je klju\u010den pri spremljanju kadrov in usmerjanju razvoja in kariere zaposlenih. Je oblika na\u010drtnega dela vodij s sodelavci, usmerjena v njihovo strokovno usposobljenost, razvojni potencial in delovno uspe\u0161nost.<\/p>\n<p>\u010ce \u017eelimo letni pogovor razviti kot dolgoro\u010dni koncept organizacijske komunikacije, mora ta biti prilagojen specifi\u010dnim potrebam organizacije. Da bi lahko dosegli \u017eelene u\u010dinke, mora biti sistem letnega pogovora skrbno na\u010drtovan, \u00bbinstant re\u0161itev\u00ab ni dovolj za dosego \u017eelenih rezultatov.<\/p>\n<p>Sistem letnega pogovora prilagajamo organizacijski kulturi in specifi\u010dnim zahtevam\/potrebam organizacije. Pomembno je, da jasno in konkretno opredelimo cilje ter aktivnosti implementacije in se dogovorimo, kak\u0161ne spremembe v na\u010dinu dela, odnosih in komunikaciji bodo potrebne, da bo sistem v praksi dolgoro\u010dno deloval. Pred uvedbo letnega pogovora opravimo natan\u010dno HR analizo v obliki merjenja organizacijske klime in pregleda delovanja <a href=\"http:\/\/www.hscskupina.si\/index.php?option=com_content&amp;view=article&amp;id=83&amp;Itemid=103\" target=\"_blank\">HR procesov<\/a>. Na podlagi rezultatov analiz lahko dolo\u010dimo procese, ki jih bomo pokrivali z letnimi pogovori.<\/p>\n<p>Sama implementacija letnega pogovora mora biti skrbno na\u010drtovana. Pred pri\u010detkom moramo analizirati pripravljenost in usposobljenost zaposlenih za uvedbo sistema, globino izvajanja in vsebine, ki bodo sestavni del letnega pogovora.<\/p>\n<p>Vsebina letnih razgovorov je odvisna od ciljev, ki si jih praviloma zastavi vodstvo organizacije. Obi\u010dajno\u00a0 pokriva \u0161tiri osnovna podro\u010dja \u2013 analizo realizacije ciljev za preteklo obdobje, dolo\u010danje ciljev za naprej, na\u010drtovanje individualnega razvoja in usmerjanje kariere.<\/p>\n<p>Ob zaklju\u010dku posamezne sezone letnega pogovora izvedemo temeljito analizo u\u010dinkovitosti in kvalitete letnega pogovora ter pripravimo ustrezne ukrepe izbolj\u0161anja za naslednje sezone. Ravno v tem delu je na\u0161a metodologija edinstvena, saj temu podro\u010dju posve\u010damo posebno pozornost.<\/p>\n<p><strong> Metodologija razvoja sistema letnega pogovora je sestavljena iz naslednjih korakov:<\/strong><\/p>\n<ul>\n<li>analiza zahtev in potreb organizacije (HR analitika),<\/li>\n<li>zasnova metode za izvajanje letnih pogovorov,<\/li>\n<li>na\u010drtovanje dopolnilnih ocenjevalnih orodij v procesu letnega pogovora,<\/li>\n<li>na\u010drtovanje procesa implementacije,<\/li>\n<li>analiziranje sistema postavljanja ciljev v organizaciji,<\/li>\n<li>dolo\u010danje vsebin letnega pogovora,<\/li>\n<li>zasnova navodil in izdelava obrazca,<\/li>\n<li>obve\u0161\u010danje zaposlenih o sistemu letnega pogovora,<\/li>\n<li>usposabljanja vodij in zaposlenih za izvajanje letnih pogovorov,<\/li>\n<li>analiza opravljenih letnih pogovorov in ukrepi izbolj\u0161anja.<\/li>\n<\/ul>\n","protected":false},"excerpt":{"rendered":"<p>Sistem letnih pogovorov je glavno sredstvo za vzpostavljanje organizacijskega komuniciranja in integracijo HR procesov organizacije. Je zelo u\u010dinkovito orodje za ugotavljanje motiviranosti osebja, dvig individualne in organizacijske u\u010dinkovitosti, na\u010drtovanje individualnega razvoja in izbolj\u0161evanje odnosov med zaposlenimi. Letni pogovori predstavljajo optimalen pripomo\u010dek pri zagotavljanju hitrih sprememb v zmeraj bolj dinami\u010dnem poslovnem okolju. Tovrstna oblika organizacijskega komuniciranja [&hellip;]<\/p>\n","protected":false},"author":1,"featured_media":0,"parent":0,"menu_order":0,"comment_status":"closed","ping_status":"closed","template":"","meta":[],"_links":{"self":[{"href":"https:\/\/ocr.si\/index.php?rest_route=\/wp\/v2\/pages\/349"}],"collection":[{"href":"https:\/\/ocr.si\/index.php?rest_route=\/wp\/v2\/pages"}],"about":[{"href":"https:\/\/ocr.si\/index.php?rest_route=\/wp\/v2\/types\/page"}],"author":[{"embeddable":true,"href":"https:\/\/ocr.si\/index.php?rest_route=\/wp\/v2\/users\/1"}],"replies":[{"embeddable":true,"href":"https:\/\/ocr.si\/index.php?rest_route=%2Fwp%2Fv2%2Fcomments&post=349"}],"version-history":[{"count":9,"href":"https:\/\/ocr.si\/index.php?rest_route=\/wp\/v2\/pages\/349\/revisions"}],"predecessor-version":[{"id":588,"href":"https:\/\/ocr.si\/index.php?rest_route=\/wp\/v2\/pages\/349\/revisions\/588"}],"wp:attachment":[{"href":"https:\/\/ocr.si\/index.php?rest_route=%2Fwp%2Fv2%2Fmedia&parent=349"}],"curies":[{"name":"wp","href":"https:\/\/api.w.org\/{rel}","templated":true}]}}