{"id":46,"date":"2012-02-11T18:59:15","date_gmt":"2012-02-11T17:59:15","guid":{"rendered":"http:\/\/www.ocr.si\/?page_id=46"},"modified":"2022-05-23T11:01:57","modified_gmt":"2022-05-23T09:01:57","slug":"nasi-partnerji","status":"publish","type":"page","link":"https:\/\/ocr.si\/?page_id=46","title":{"rendered":"NA\u0160I PARTNERJI"},"content":{"rendered":"<p><strong><img loading=\"lazy\" class=\"alignnone size-full wp-image-495\" title=\"partnerji\" src=\"http:\/\/ocr.si\/wp-content\/uploads\/2012\/02\/partnerji1.png\" alt=\"\" width=\"580\" height=\"300\" srcset=\"https:\/\/ocr.si\/wp-content\/uploads\/2012\/02\/partnerji1.png 580w, https:\/\/ocr.si\/wp-content\/uploads\/2012\/02\/partnerji1-300x155.png 300w\" sizes=\"(max-width: 580px) 100vw, 580px\" \/><\/strong><\/p>\n<p><strong>Ker \u017eelimo nuditi celovite re\u0161itve, ki bodo podprte z najnovej\u0161o tehnologijo, smo se poslovno povezali s\u00a0priznanimi ponudniki HR re\u0161itev.<\/strong><\/p>\n<p><span style=\"font-family: Calibri;\"><span class=\"caption\">Solastni\u0161ko smo se v letu 2014 povezali s podjetjem HSC Skupina d.o.o., ki deluje na podro\u010dju upravljanja s \u010dlove\u0161kimi viri. Razvijamo sodobne re\u0161itve, ki pomagajo zgraditi u\u010dinkovite procese na podro\u010dju HR mened\u017ementa.<\/span><\/span><\/p>\n<p style=\"text-align: center;\"><strong>Poslovanje v zadnjih letih se spreminja, saj v ospredje prihajajo zakonitosti digitalne ekonomije. Organizacije so potisnjene v druga\u010dne pogoje poslovanja, kar narekuje tudi druga\u010dna izhodi\u0161\u010da in usmeritve njihovega poslovnega razvoja. Temu primerno smo nadgradili tudi ponudbo na\u0161ih storitev, zato smo v letu 2022 podjetje HSC skupina preimenovali v podjetje Resultant d.o.o.<\/strong><\/p>\n<p style=\"text-align: center;\"><strong>Vabljeni na ogled na\u0161e nove spletne strani <a href=\"http:\/\/www.resultant.si\">www.resultant.si<\/a><\/strong><\/p>\n<p><a href=\"http:\/\/www.resultant.si\"><img loading=\"lazy\" class=\"alignnone size-full wp-image-891\" src=\"https:\/\/ocr.si\/wp-content\/uploads\/2022\/05\/Resultant_2020_Logotip_s_podpisom_ENG_dark_blue_splet.png\" alt=\"\" width=\"567\" height=\"217\" srcset=\"https:\/\/ocr.si\/wp-content\/uploads\/2022\/05\/Resultant_2020_Logotip_s_podpisom_ENG_dark_blue_splet.png 567w, https:\/\/ocr.si\/wp-content\/uploads\/2022\/05\/Resultant_2020_Logotip_s_podpisom_ENG_dark_blue_splet-300x115.png 300w\" sizes=\"(max-width: 567px) 100vw, 567px\" \/><\/a><\/p>\n<p style=\"margin-top: 20px;\">\n","protected":false},"excerpt":{"rendered":"<p>Ker \u017eelimo nuditi celovite re\u0161itve, ki bodo podprte z najnovej\u0161o tehnologijo, smo se poslovno povezali s\u00a0priznanimi ponudniki HR re\u0161itev. Solastni\u0161ko smo se v letu 2014 povezali s podjetjem HSC Skupina d.o.o., ki deluje na podro\u010dju upravljanja s \u010dlove\u0161kimi viri. Razvijamo sodobne re\u0161itve, ki pomagajo zgraditi u\u010dinkovite procese na podro\u010dju HR mened\u017ementa. Poslovanje v zadnjih letih [&hellip;]<\/p>\n","protected":false},"author":1,"featured_media":0,"parent":0,"menu_order":0,"comment_status":"closed","ping_status":"closed","template":"","meta":[],"_links":{"self":[{"href":"https:\/\/ocr.si\/index.php?rest_route=\/wp\/v2\/pages\/46"}],"collection":[{"href":"https:\/\/ocr.si\/index.php?rest_route=\/wp\/v2\/pages"}],"about":[{"href":"https:\/\/ocr.si\/index.php?rest_route=\/wp\/v2\/types\/page"}],"author":[{"embeddable":true,"href":"https:\/\/ocr.si\/index.php?rest_route=\/wp\/v2\/users\/1"}],"replies":[{"embeddable":true,"href":"https:\/\/ocr.si\/index.php?rest_route=%2Fwp%2Fv2%2Fcomments&post=46"}],"version-history":[{"count":90,"href":"https:\/\/ocr.si\/index.php?rest_route=\/wp\/v2\/pages\/46\/revisions"}],"predecessor-version":[{"id":903,"href":"https:\/\/ocr.si\/index.php?rest_route=\/wp\/v2\/pages\/46\/revisions\/903"}],"wp:attachment":[{"href":"https:\/\/ocr.si\/index.php?rest_route=%2Fwp%2Fv2%2Fmedia&parent=46"}],"curies":[{"name":"wp","href":"https:\/\/api.w.org\/{rel}","templated":true}]}}