{"id":71,"date":"2012-02-11T19:10:03","date_gmt":"2012-02-11T18:10:03","guid":{"rendered":"http:\/\/www.ocr.si\/?page_id=71"},"modified":"2022-05-23T11:00:12","modified_gmt":"2022-05-23T09:00:12","slug":"halo","status":"publish","type":"page","link":"https:\/\/ocr.si\/?page_id=71","title":{"rendered":"O PODJETJU"},"content":{"rendered":"<h4><strong>DOBRODO\u0160LI!<\/strong><\/h4>\n<p><img loading=\"lazy\" class=\"wp-image-880 alignleft\" src=\"https:\/\/ocr.si\/wp-content\/uploads\/2022\/03\/Picture-1.jpg\" alt=\"\" width=\"133\" height=\"191\" srcset=\"https:\/\/ocr.si\/wp-content\/uploads\/2022\/03\/Picture-1.jpg 433w, https:\/\/ocr.si\/wp-content\/uploads\/2022\/03\/Picture-1-209x300.jpg 209w\" sizes=\"(max-width: 133px) 100vw, 133px\" \/><\/p>\n<p>Moje ime je Primo\u017e\u00a0Bitenc\u00a0in sem direktor\/lastnik podjetja OCR svetovanje in raziskave. Diplomiral sem iz ekonomije, smer poslovanje, dodatno pa sem se usposabljal tudi v Poslovni \u0161oli na Bledu (IEDC). Prihajam iz prodajno-poslovnega okolja in imam ve\u010dletne izku\u0161nje na podro\u010dju prodaje in vodenja. Izku\u0161nje sem si nabiral predvsem pri vodenju prodajnih timov v Sloveniji in v dr\u017eavah biv\u0161e Jugoslavije. Pred \u010dasom sem deloval kot svetovalec na podro\u010dju sistemati\u010dne raziskave organizacijske klime, kulture in zadovoljstva zaposlenih v svetovalnem podjetju AT Adria, kjer sem bil odgovoren za izvajanje in operativno vodenje projekta <a href=\"http:\/\/www.ocr.si\/?page_id=38\">SiOK<\/a> v Sloveniji. Ob\u010dasno delujem tudi kot predavatelj ter svetovalec s podro\u010dja vodenja in uvajanja razli\u010dnih sistemov upravljanja \u010dlove\u0161kih virov, skupaj s povezanimi poslovnimi partnerji. Dodatno motivacijo \u010drpam pri delu z ljudmi ter pozitivnimi odnosi z njimi in sem prepri\u010dan, da so zadovoljni in motivirani zaposleni najpomembnej\u0161i kapital\u00a0podjetja.<\/p>\n<p>Podjetje OCR se je ustanovilo predvsem z namenom opravljanja in zagotavljanja kvalitetnih storitev diagnosticiranja poslovnega okolja, kot je merjenja organizacijske klime, zadovoljstva zaposlenih, zavzetosti, potenciala ter organizacijske kulture. S povezanimi poslovnimi partnerji smo <strong>poobla\u0161\u010deni za izvajanje in tr\u017eenje projekta SiOK\/OCS,<\/strong> svetujemo pa\u00a0tudi pri uvajanju procesov na podro\u010dju upravljanja s \u010dlove\u0161kimi viri in implementaciji informacijskih re\u0161itev za podporo HR procesom. Na\u0161e strokovno znanje in izku\u0161nje pridobivamo vrsto let, \u0161e vedno pa nas vodi stalna \u017eelja po u\u010denju in razvoju. Pri delu smo strokovni, zanesljivi, fleksibilni in usmerjeni v rezultate na\u0161ih naro\u010dnikov. Na\u0161 svetovalni program smo oblikovali tako, da bi strokovnjake v podjetju opremili z znanjem, sodobnimi orodji in metodami, ki jim bodo v pomo\u010d pri vsakdanjem delu. Skrbimo, da prina\u0161amo dobre prakse v va\u0161e organizacije. Poslovni odnos gradimo na trdnem partnerstvu in se v celoti posve\u010damo va\u0161im izzivom. Vodilo v na\u0161em razmi\u0161ljanju sta strokovnost in poslovna etika.<\/p>\n<p>Zaradi zagotavljanja \u0161e bolj\u0161ih in ve\u010djega spektra storitev, smo se konec leta 2014 poslovno in lastni\u0161ko povezali s podjetjem HSC Skupina d.o.o.<\/p>\n<p style=\"text-align: center;\"><strong>Poslovanje v zadnjih letih se spreminja, saj v ospredje prihajajo zakonitosti digitalne ekonomije. Organizacije so potisnjene v druga\u010dne pogoje poslovanja, kar narekuje tudi druga\u010dna izhodi\u0161\u010da in usmeritve njihovega poslovnega razvoja. Temu primerno smo nadgradili tudi ponudbo na\u0161ih storitev, zato smo v letu 2022 podjetje HSC skupina preimenovali v podjetje Resultant d.o.o.<\/strong><\/p>\n<p style=\"text-align: center;\"><strong>Vabljeni na ogled na\u0161e nove spletne strani <a href=\"http:\/\/www.resultant.si\">www.resultant.si<\/a><\/strong><\/p>\n<p>Veseli bomo vsakega va\u0161ega kontakta,<br \/>\nPrimo\u017e Bitenc<\/p>\n<p><a href=\"http:\/\/www.resultant.si\"><img loading=\"lazy\" class=\"alignnone size-full wp-image-891\" src=\"https:\/\/ocr.si\/wp-content\/uploads\/2022\/05\/Resultant_2020_Logotip_s_podpisom_ENG_dark_blue_splet.png\" alt=\"\" width=\"567\" height=\"217\" srcset=\"https:\/\/ocr.si\/wp-content\/uploads\/2022\/05\/Resultant_2020_Logotip_s_podpisom_ENG_dark_blue_splet.png 567w, https:\/\/ocr.si\/wp-content\/uploads\/2022\/05\/Resultant_2020_Logotip_s_podpisom_ENG_dark_blue_splet-300x115.png 300w\" sizes=\"(max-width: 567px) 100vw, 567px\" \/><\/a><\/p>\n","protected":false},"excerpt":{"rendered":"<p>DOBRODO\u0160LI! Moje ime je Primo\u017e\u00a0Bitenc\u00a0in sem direktor\/lastnik podjetja OCR svetovanje in raziskave. Diplomiral sem iz ekonomije, smer poslovanje, dodatno pa sem se usposabljal tudi v Poslovni \u0161oli na Bledu (IEDC). Prihajam iz prodajno-poslovnega okolja in imam ve\u010dletne izku\u0161nje na podro\u010dju prodaje in vodenja. Izku\u0161nje sem si nabiral predvsem pri vodenju prodajnih timov v Sloveniji in [&hellip;]<\/p>\n","protected":false},"author":1,"featured_media":0,"parent":0,"menu_order":0,"comment_status":"closed","ping_status":"closed","template":"","meta":[],"_links":{"self":[{"href":"https:\/\/ocr.si\/index.php?rest_route=\/wp\/v2\/pages\/71"}],"collection":[{"href":"https:\/\/ocr.si\/index.php?rest_route=\/wp\/v2\/pages"}],"about":[{"href":"https:\/\/ocr.si\/index.php?rest_route=\/wp\/v2\/types\/page"}],"author":[{"embeddable":true,"href":"https:\/\/ocr.si\/index.php?rest_route=\/wp\/v2\/users\/1"}],"replies":[{"embeddable":true,"href":"https:\/\/ocr.si\/index.php?rest_route=%2Fwp%2Fv2%2Fcomments&post=71"}],"version-history":[{"count":75,"href":"https:\/\/ocr.si\/index.php?rest_route=\/wp\/v2\/pages\/71\/revisions"}],"predecessor-version":[{"id":902,"href":"https:\/\/ocr.si\/index.php?rest_route=\/wp\/v2\/pages\/71\/revisions\/902"}],"wp:attachment":[{"href":"https:\/\/ocr.si\/index.php?rest_route=%2Fwp%2Fv2%2Fmedia&parent=71"}],"curies":[{"name":"wp","href":"https:\/\/api.w.org\/{rel}","templated":true}]}}